{"id":393,"date":"2020-11-22T22:59:22","date_gmt":"2020-11-22T22:59:22","guid":{"rendered":"http:\/\/diadelgomet.com\/?post_type=product&#038;p=393"},"modified":"2023-11-02T16:35:50","modified_gmt":"2023-11-02T16:35:50","slug":"clauer","status":"publish","type":"product","link":"https:\/\/diadelgomet.com\/es\/producto\/clauer","title":{"rendered":"Llavero"},"content":{"rendered":"<p>Los llaveros est\u00e1n hechos con restos de la producci\u00f3n de cuellos, as\u00ed que no siempre est\u00e1n disponible todos los colores. Es por eso que te propongo que si quieres escoger color, en los comentarios del pedido indiques cual preferir\u00edas y yo intentar\u00e9 que as\u00ed sea, pero no prometo nada!<\/p>\n<p>Si el color que deseas no est\u00e1 en las fotos, es posible que lo tenga pero que a\u00fan no haya tenido tiempo de hacer el llavero y subir la foto, as\u00ed que t\u00fa pide, que quiz\u00e1s lo tengo.<\/p>\n<p>Si veo que me pides un color y no lo tengo, ya me pondr\u00e9 en contacto contigo d\u00e1ndote las opciones que tengo para que puedas escoger.<\/p>","protected":false},"excerpt":{"rendered":"<p>Por la compra de un llavero se hace un donativo de 3\u20ac a la Fundaci\u00f3n Josep Carreras.<\/p>","protected":false},"featured_media":1146,"template":"","meta":[],"product_cat":[51],"product_tag":[],"_links":{"self":[{"href":"https:\/\/diadelgomet.com\/es\/wp-json\/wp\/v2\/product\/393"}],"collection":[{"href":"https:\/\/diadelgomet.com\/es\/wp-json\/wp\/v2\/product"}],"about":[{"href":"https:\/\/diadelgomet.com\/es\/wp-json\/wp\/v2\/types\/product"}],"wp:featuredmedia":[{"embeddable":true,"href":"https:\/\/diadelgomet.com\/es\/wp-json\/wp\/v2\/media\/1146"}],"wp:attachment":[{"href":"https:\/\/diadelgomet.com\/es\/wp-json\/wp\/v2\/media?parent=393"}],"wp:term":[{"taxonomy":"product_cat","embeddable":true,"href":"https:\/\/diadelgomet.com\/es\/wp-json\/wp\/v2\/product_cat?post=393"},{"taxonomy":"product_tag","embeddable":true,"href":"https:\/\/diadelgomet.com\/es\/wp-json\/wp\/v2\/product_tag?post=393"}],"curies":[{"name":"wp","href":"https:\/\/api.w.org\/{rel}","templated":true}]}}