{"id":1360,"date":"2023-10-30T22:29:55","date_gmt":"2023-10-30T22:29:55","guid":{"rendered":"http:\/\/diadelgomet.com\/?post_type=product&#038;p=1360"},"modified":"2023-11-05T21:43:18","modified_gmt":"2023-11-05T21:43:18","slug":"rifa-de-online","status":"publish","type":"product","link":"https:\/\/diadelgomet.com\/es\/producto\/rifa-de-online","title":{"rendered":"Rifa online"},"content":{"rendered":"<p>El n\u00famero de pedido ser\u00e1 tu n\u00famero para la rifa. Y si quieres m\u00e1s de un n\u00famero lo tendr\u00e9 en cuenta a la hora de sacar el n\u00famero a suertes.<\/p>\n<p>El n\u00famero premiado se publicar\u00e1 el d\u00eda 17 de diciembre en la cuenta de IG: <a href=\"https:\/\/www.instagram.com\/diadelgomet\/\">https:\/\/www.instagram.com\/diadelgomet\/<\/a><\/p>","protected":false},"excerpt":{"rendered":"<p>Los premios a los que puedes optar son:<br \/>\n\u2013 1r premio: vale de 100\u20ac para <a href=\"https:\/\/www.elisamuresan.com\/\">https:\/\/www.elisamuresan.com\/<\/a><br \/>\n\u2013 2o, 3r y 4o premio: vale de 50\u20ac para <a href=\"https:\/\/biosakure.com\/\">https:\/\/biosakure.com\/<\/a><br \/>\n\u2013 5o premio: pack de productos de <a href=\"https:\/\/natulim.com\">https:\/\/natulim.com<\/a><\/p>","protected":false},"featured_media":1369,"template":"","meta":[],"product_cat":[66],"product_tag":[],"_links":{"self":[{"href":"https:\/\/diadelgomet.com\/es\/wp-json\/wp\/v2\/product\/1360"}],"collection":[{"href":"https:\/\/diadelgomet.com\/es\/wp-json\/wp\/v2\/product"}],"about":[{"href":"https:\/\/diadelgomet.com\/es\/wp-json\/wp\/v2\/types\/product"}],"wp:featuredmedia":[{"embeddable":true,"href":"https:\/\/diadelgomet.com\/es\/wp-json\/wp\/v2\/media\/1369"}],"wp:attachment":[{"href":"https:\/\/diadelgomet.com\/es\/wp-json\/wp\/v2\/media?parent=1360"}],"wp:term":[{"taxonomy":"product_cat","embeddable":true,"href":"https:\/\/diadelgomet.com\/es\/wp-json\/wp\/v2\/product_cat?post=1360"},{"taxonomy":"product_tag","embeddable":true,"href":"https:\/\/diadelgomet.com\/es\/wp-json\/wp\/v2\/product_tag?post=1360"}],"curies":[{"name":"wp","href":"https:\/\/api.w.org\/{rel}","templated":true}]}}