{"id":1357,"date":"2023-10-30T22:29:38","date_gmt":"2023-10-30T22:29:38","guid":{"rendered":"http:\/\/diadelgomet.com\/?post_type=product&#038;p=1357"},"modified":"2023-11-05T21:41:17","modified_gmt":"2023-11-05T21:41:17","slug":"rifa-de-proximitat","status":"publish","type":"product","link":"https:\/\/diadelgomet.com\/es\/producto\/rifa-de-proximitat","title":{"rendered":"Rifa de proximidad"},"content":{"rendered":"<p>El n\u00famero de pedido ser\u00e1 tu n\u00famero para la rifa. Y si quieres m\u00e1s de un n\u00famero lo tendr\u00e9 en cuenta a la hora de sacar el n\u00famero a suertes.<\/p>\n<p>El n\u00famero premiado se publicar\u00e1 el d\u00eda 17 de diciembre en la cuenta de IG: <a href=\"https:\/\/www.instagram.com\/diadelgomet\/\">https:\/\/www.instagram.com\/diadelgomet\/<\/a><\/p>","protected":false},"excerpt":{"rendered":"<p>Los premios a los que puedes optar son:<br \/>\n\u2013 1r premio: vuelo en globo para una persona con Vol de Coloms* (Olot)<br \/>\n\u2013 2o premio: almuerzo degustaci\u00f3n para dos personas en Nectari** (Barcelona)<br \/>\n\u2013 3r premio: un vale de 45\u20ac en La Gironesa (Banyoles)<br \/>\n\u2013 4o premio: una sesi\u00f3n de fisioterapia respiratoria en La Consulta*** (Banyoles)<br \/>\n\u2013 5o premio: un vale de 30\u20ac en Can Graner (Banyoles)<br \/>\n\u2013 6o premio: un vale de 20\u20ac en Calidoscopi (Banyoles)<br \/>\n\u2013 7o premio: dos creps dulces en El Barnyoli (Banyoles)<br \/>\n\u2013 8o a12o premio: un vale por un pollo a l'ast de El Matiner (Banyoles)<br \/>\n* v\u00e1lido del 01\/01\/2024 al 31\/03\/2024<br \/>\n** v\u00e1lido de lunes a viernes<br \/>\n*** v\u00e1lido durante un a\u00f1o<\/p>","protected":false},"featured_media":1368,"template":"","meta":[],"product_cat":[66],"product_tag":[],"_links":{"self":[{"href":"https:\/\/diadelgomet.com\/es\/wp-json\/wp\/v2\/product\/1357"}],"collection":[{"href":"https:\/\/diadelgomet.com\/es\/wp-json\/wp\/v2\/product"}],"about":[{"href":"https:\/\/diadelgomet.com\/es\/wp-json\/wp\/v2\/types\/product"}],"wp:featuredmedia":[{"embeddable":true,"href":"https:\/\/diadelgomet.com\/es\/wp-json\/wp\/v2\/media\/1368"}],"wp:attachment":[{"href":"https:\/\/diadelgomet.com\/es\/wp-json\/wp\/v2\/media?parent=1357"}],"wp:term":[{"taxonomy":"product_cat","embeddable":true,"href":"https:\/\/diadelgomet.com\/es\/wp-json\/wp\/v2\/product_cat?post=1357"},{"taxonomy":"product_tag","embeddable":true,"href":"https:\/\/diadelgomet.com\/es\/wp-json\/wp\/v2\/product_tag?post=1357"}],"curies":[{"name":"wp","href":"https:\/\/api.w.org\/{rel}","templated":true}]}}