{"id":776,"date":"2021-10-26T13:58:58","date_gmt":"2021-10-26T13:58:58","guid":{"rendered":"http:\/\/diadelgomet.com\/?page_id=776"},"modified":"2023-10-30T21:10:58","modified_gmt":"2023-10-30T21:10:58","slug":"fer-donatiu","status":"publish","type":"page","link":"https:\/\/diadelgomet.com\/es\/fer-donatiu","title":{"rendered":"Quiero hacer un donativo"},"content":{"rendered":"<div data-elementor-type=\"wp-page\" data-elementor-id=\"776\" class=\"elementor elementor-776\" data-elementor-post-type=\"page\">\n\t\t\t\t\t\t\t\t\t<section class=\"elementor-section elementor-top-section elementor-element elementor-element-5a2fe52 elementor-section-boxed elementor-section-height-default elementor-section-height-default\" data-id=\"5a2fe52\" data-element_type=\"section\" data-settings=\"{&quot;background_background&quot;:&quot;classic&quot;}\">\n\t\t\t\t\t\t\t<div class=\"elementor-background-overlay\"><\/div>\n\t\t\t\t\t\t\t<div class=\"elementor-container elementor-column-gap-default\">\n\t\t\t\t\t<div class=\"elementor-column elementor-col-100 elementor-top-column elementor-element elementor-element-487622c\" data-id=\"487622c\" data-element_type=\"column\">\n\t\t\t<div class=\"elementor-widget-wrap elementor-element-populated\">\n\t\t\t\t\t\t\t\t<div class=\"elementor-element elementor-element-2859347 elementor-widget elementor-widget-heading\" data-id=\"2859347\" data-element_type=\"widget\" data-widget_type=\"heading.default\">\n\t\t\t\t<div class=\"elementor-widget-container\">\n\t\t\t<h2 class=\"elementor-heading-title elementor-size-default\">Quiero hacer un donativo<\/h2>\t\t<\/div>\n\t\t\t\t<\/div>\n\t\t\t\t\t<\/div>\n\t\t<\/div>\n\t\t\t\t\t\t\t<\/div>\n\t\t<\/section>\n\t\t\t\t<section class=\"elementor-section elementor-top-section elementor-element elementor-element-47f58f07 elementor-section-content-middle elementor-section-boxed elementor-section-height-default elementor-section-height-default\" data-id=\"47f58f07\" data-element_type=\"section\">\n\t\t\t\t\t\t<div class=\"elementor-container elementor-column-gap-no\">\n\t\t\t\t\t<div class=\"elementor-column elementor-col-100 elementor-top-column elementor-element elementor-element-3ab1384c\" data-id=\"3ab1384c\" data-element_type=\"column\">\n\t\t\t<div class=\"elementor-widget-wrap elementor-element-populated\">\n\t\t\t\t\t\t\t\t<div class=\"elementor-element elementor-element-5a77390 elementor-widget elementor-widget-text-editor\" data-id=\"5a77390\" data-element_type=\"widget\" data-widget_type=\"text-editor.default\">\n\t\t\t\t<div class=\"elementor-widget-container\">\n\t\t\t\t\t\t\t<p><span lang=\"ES\" style=\"font-size: 16px; font-style: normal; font-weight: 300; color: #565353; text-align: justify;\">Intentamos ofrecer productos para todos los gustos pero si nuestro proyecto y nuestra causa te han gustado pero no quieres adquirir ning\u00fan producto de nuestra tienda solidaria, queremos darte la opci\u00f3n de <\/span><span lang=\"ES\" style=\"font-size: 16px; font-style: normal; color: #565353; text-align: justify;\"><b>hacer un donativo<\/b><\/span><span lang=\"ES\" style=\"font-size: 16px; font-style: normal; font-weight: 300; color: #565353; text-align: justify;\">.<br \/>Para hacerlo puedes hacer una <strong>transferencia<\/strong> a<\/span><span lang=\"ES\" style=\"font-size: 16px; font-style: normal; font-weight: 300; color: #565353; text-align: justify;\">:<\/span><\/p><p><span lang=\"ES\" style=\"font-style: normal; font-size: 16px; font-weight: 300; color: #565353;\">Titular de la cuenta: <\/span><span lang=\"ES\" style=\"font-style: normal; font-size: 16px; color: #565353;\"><b>Eul\u00e0lia Amell<\/b><\/span><\/p><p><span lang=\"ES\" style=\"font-size: 16px; font-style: normal; color: #565353; text-align: justify;\"><span style=\"font-size: 16px; font-style: normal; font-weight: 300;\">Concepto:<\/span><span style=\"font-size: 16px; font-style: normal; font-weight: 300;\">\u00a0<\/span><b>donatiu dia del Gomet<\/b><br \/><\/span><\/p><p><span lang=\"ES\" style=\"font-size: 16px; font-style: normal; font-weight: 300; color: #565353; text-align: justify;\">IBAN: <\/span><span lang=\"ES\" style=\"font-size: 16px; font-style: normal; color: #565353; text-align: justify;\"><b>ES55 0239 0806 7025 2464 5328<\/b><\/span><\/p><p>\u00a0<\/p><p><span style=\"color: #565353; font-size: 16px; font-style: normal; font-weight: 300;\">SWIFT\/BIC:<\/span><b style=\"font-size: 16px; font-style: inherit; color: #565353;\">\u00a0EVOBESMMXXX<\/b><\/p>\t\t\t\t\t\t<\/div>\n\t\t\t\t<\/div>\n\t\t\t\t<div class=\"elementor-element elementor-element-e4eac3d elementor-widget elementor-widget-text-editor\" data-id=\"e4eac3d\" data-element_type=\"widget\" data-widget_type=\"text-editor.default\">\n\t\t\t\t<div class=\"elementor-widget-container\">\n\t\t\t\t\t\t\t<h1 style=\"text-align: center;\"><span lang=\"ES\" style=\"font-size: 16px; font-style: normal; color: #565353; text-align: justify;\"><b><u>\u00a1GRACIAS POR EL DONATIVO!<\/u><\/b><\/span><\/h1>\t\t\t\t\t\t<\/div>\n\t\t\t\t<\/div>\n\t\t\t\t\t<\/div>\n\t\t<\/div>\n\t\t\t\t\t\t\t<\/div>\n\t\t<\/section>\n\t\t\t\t\t\t\t<\/div>","protected":false},"excerpt":{"rendered":"<p>Intentem oferir productes per a tots els gustos per\u00f2 el nostre projecte i la nostra causa t&#8217;agrada per\u00f2 no vols adquirir cap producte de la nostra botiga solid\u00e0ria, et volem donar la opci\u00f3 de fer un donatiu.Per fer-ho pots fer una transfer\u00e8ncia a: Titular del compte: Eul\u00e0lia Amell Concepte:\u00a0donatiu dia del Gomet IBAN: ES55 0239 &#8230; <a title=\"Quiero hacer un donativo\" class=\"read-more\" href=\"https:\/\/diadelgomet.com\/es\/fer-donatiu\" aria-label=\"M\u00e1s en Vull fer un donatiu\">Leer m\u00e1s<\/a><\/p>","protected":false},"author":1,"featured_media":0,"parent":0,"menu_order":0,"comment_status":"closed","ping_status":"closed","template":"elementor_header_footer","meta":{"footnotes":""},"_links":{"self":[{"href":"https:\/\/diadelgomet.com\/es\/wp-json\/wp\/v2\/pages\/776"}],"collection":[{"href":"https:\/\/diadelgomet.com\/es\/wp-json\/wp\/v2\/pages"}],"about":[{"href":"https:\/\/diadelgomet.com\/es\/wp-json\/wp\/v2\/types\/page"}],"author":[{"embeddable":true,"href":"https:\/\/diadelgomet.com\/es\/wp-json\/wp\/v2\/users\/1"}],"replies":[{"embeddable":true,"href":"https:\/\/diadelgomet.com\/es\/wp-json\/wp\/v2\/comments?post=776"}],"version-history":[{"count":53,"href":"https:\/\/diadelgomet.com\/es\/wp-json\/wp\/v2\/pages\/776\/revisions"}],"predecessor-version":[{"id":1298,"href":"https:\/\/diadelgomet.com\/es\/wp-json\/wp\/v2\/pages\/776\/revisions\/1298"}],"wp:attachment":[{"href":"https:\/\/diadelgomet.com\/es\/wp-json\/wp\/v2\/media?parent=776"}],"curies":[{"name":"wp","href":"https:\/\/api.w.org\/{rel}","templated":true}]}}