{"id":7,"date":"2020-11-11T23:06:28","date_gmt":"2020-11-11T23:06:28","guid":{"rendered":"http:\/\/diadelgomet.com\/?page_id=7"},"modified":"2023-11-12T08:00:12","modified_gmt":"2023-11-12T08:00:12","slug":"la-nostra-rao","status":"publish","type":"page","link":"https:\/\/diadelgomet.com\/es\/","title":{"rendered":"Nuestra raz\u00f3n"},"content":{"rendered":"<div data-elementor-type=\"wp-page\" data-elementor-id=\"7\" class=\"elementor elementor-7\" data-elementor-post-type=\"page\">\n\t\t\t\t\t\t\t\t\t<section class=\"elementor-section elementor-top-section elementor-element elementor-element-88c7e31 elementor-section-height-min-height elementor-section-items-bottom elementor-section-boxed elementor-section-height-default\" data-id=\"88c7e31\" data-element_type=\"section\" data-settings=\"{&quot;background_background&quot;:&quot;classic&quot;}\">\n\t\t\t\t\t\t\t<div class=\"elementor-background-overlay\"><\/div>\n\t\t\t\t\t\t\t<div class=\"elementor-container elementor-column-gap-wider\">\n\t\t\t\t\t<div class=\"elementor-column elementor-col-100 elementor-top-column elementor-element elementor-element-b3b0773\" data-id=\"b3b0773\" data-element_type=\"column\">\n\t\t\t<div class=\"elementor-widget-wrap elementor-element-populated\">\n\t\t\t\t\t\t\t\t<div class=\"elementor-element elementor-element-7b548275 elementor-widget__width-initial elementor-absolute e-transform elementor-widget elementor-widget-heading\" data-id=\"7b548275\" data-element_type=\"widget\" data-settings=\"{&quot;_position&quot;:&quot;absolute&quot;,&quot;_transform_rotateZ_effect&quot;:{&quot;unit&quot;:&quot;px&quot;,&quot;size&quot;:-4,&quot;sizes&quot;:[]},&quot;_transform_rotateZ_effect_tablet&quot;:{&quot;unit&quot;:&quot;deg&quot;,&quot;size&quot;:&quot;&quot;,&quot;sizes&quot;:[]},&quot;_transform_rotateZ_effect_mobile&quot;:{&quot;unit&quot;:&quot;deg&quot;,&quot;size&quot;:&quot;&quot;,&quot;sizes&quot;:[]}}\" data-widget_type=\"heading.default\">\n\t\t\t\t<div class=\"elementor-widget-container\">\n\t\t\t<h4 class=\"elementor-heading-title elementor-size-default\">Nuestra raz\u00f3n<\/h4>\t\t<\/div>\n\t\t\t\t<\/div>\n\t\t\t\t\t<\/div>\n\t\t<\/div>\n\t\t\t\t\t\t\t<\/div>\n\t\t<\/section>\n\t\t\t\t<section class=\"elementor-section elementor-top-section elementor-element elementor-element-112b333 elementor-section-boxed elementor-section-height-default elementor-section-height-default\" data-id=\"112b333\" data-element_type=\"section\">\n\t\t\t\t\t\t<div class=\"elementor-container elementor-column-gap-default\">\n\t\t\t\t\t<div class=\"elementor-column elementor-col-100 elementor-top-column elementor-element elementor-element-102af70\" data-id=\"102af70\" data-element_type=\"column\" data-settings=\"{&quot;background_background&quot;:&quot;classic&quot;}\">\n\t\t\t<div class=\"elementor-widget-wrap elementor-element-populated\">\n\t\t\t\t\t\t\t\t<div class=\"elementor-element elementor-element-5a77390 elementor-widget elementor-widget-text-editor\" data-id=\"5a77390\" data-element_type=\"widget\" data-widget_type=\"text-editor.default\">\n\t\t\t\t<div class=\"elementor-widget-container\">\n\t\t\t\t\t\t\t<p>Nuestra raz\u00f3n tiene nombre propio: se llama <strong>Siena<\/strong>.<br \/>Es nuestra hija mayor y falleci\u00f3 de leucemia cuando iba a cumplir 2 a\u00f1os. Desde entonces, una vez al a\u00f1o, recordamos la alegr\u00eda con la que viv\u00eda, celebrando el 'D\u00eda del gomet'. El <b>3 de diciembre<\/b> (d\u00eda de su defunci\u00f3n) es el d\u00eda escogido para hacer lo que m\u00e1s le gustaba a Siena: decorarlo todo con <b>gomets<\/b>. \u00bfY por qu\u00e9 gomets? Para que hagan de nuestro d\u00eda gris,<b> \u00a1un d\u00eda lleno de color!<\/b><\/p>\t\t\t\t\t\t<\/div>\n\t\t\t\t<\/div>\n\t\t\t\t\t<\/div>\n\t\t<\/div>\n\t\t\t\t\t\t\t<\/div>\n\t\t<\/section>\n\t\t\t\t<section class=\"elementor-section elementor-top-section elementor-element elementor-element-19902ee elementor-section-content-middle elementor-section-boxed elementor-section-height-default elementor-section-height-default\" data-id=\"19902ee\" data-element_type=\"section\" data-settings=\"{&quot;background_background&quot;:&quot;classic&quot;}\">\n\t\t\t\t\t\t<div class=\"elementor-container elementor-column-gap-wider\">\n\t\t\t\t\t<div class=\"elementor-column elementor-col-50 elementor-top-column elementor-element elementor-element-6ed7f60\" data-id=\"6ed7f60\" data-element_type=\"column\" data-settings=\"{&quot;background_background&quot;:&quot;classic&quot;}\">\n\t\t\t<div class=\"elementor-widget-wrap elementor-element-populated\">\n\t\t\t\t\t\t\t\t<div class=\"elementor-element elementor-element-0c3bed8 elementor-widget elementor-widget-text-editor\" data-id=\"0c3bed8\" data-element_type=\"widget\" data-widget_type=\"text-editor.default\">\n\t\t\t\t<div class=\"elementor-widget-container\">\n\t\t\t\t\t\t\t<p style=\"text-align: left;\">Alguno de vosotros se preguntar\u00e1<b> \u00bfqu\u00e9 es un Gomet?<\/b><\/p><p>Los gomets son pegatinas de formas y colores muy diversos que utilizan ni\u00f1os y ni\u00f1as en el colegio para hacer manualidades. Como forman parte del material escolar cumplen la <b>normativa EN71<\/b> sobre la seguridad de los juguetes.<\/p>\t\t\t\t\t\t<\/div>\n\t\t\t\t<\/div>\n\t\t\t\t\t<\/div>\n\t\t<\/div>\n\t\t\t\t<div class=\"elementor-column elementor-col-50 elementor-top-column elementor-element elementor-element-3490f95\" data-id=\"3490f95\" data-element_type=\"column\" data-settings=\"{&quot;background_background&quot;:&quot;classic&quot;}\">\n\t\t\t<div class=\"elementor-widget-wrap elementor-element-populated\">\n\t\t\t\t\t\t\t\t<div class=\"elementor-element elementor-element-47858da elementor-widget elementor-widget-image\" data-id=\"47858da\" data-element_type=\"widget\" data-widget_type=\"image.default\">\n\t\t\t\t<div class=\"elementor-widget-container\">\n\t\t\t\t\t\t\t\t\t\t\t\t\t\t\t<img decoding=\"async\" loading=\"lazy\" width=\"960\" height=\"720\" src=\"https:\/\/diadelgomet.com\/wp-content\/uploads\/2020\/11\/nuestraRazon2.jpg\" class=\"attachment-large size-large wp-image-126\" alt=\"\" srcset=\"https:\/\/diadelgomet.com\/wp-content\/uploads\/2020\/11\/nuestraRazon2.jpg 960w, https:\/\/diadelgomet.com\/wp-content\/uploads\/2020\/11\/nuestraRazon2-300x225.jpg 300w, https:\/\/diadelgomet.com\/wp-content\/uploads\/2020\/11\/nuestraRazon2-768x576.jpg 768w, https:\/\/diadelgomet.com\/wp-content\/uploads\/2020\/11\/nuestraRazon2-600x450.jpg 600w\" sizes=\"(max-width: 960px) 100vw, 960px\" \/>\t\t\t\t\t\t\t\t\t\t\t\t\t\t\t<\/div>\n\t\t\t\t<\/div>\n\t\t\t\t\t<\/div>\n\t\t<\/div>\n\t\t\t\t\t\t\t<\/div>\n\t\t<\/section>\n\t\t\t\t<section class=\"elementor-section elementor-top-section elementor-element elementor-element-46a32ff elementor-section-boxed elementor-section-height-default elementor-section-height-default\" data-id=\"46a32ff\" data-element_type=\"section\">\n\t\t\t\t\t\t<div class=\"elementor-container elementor-column-gap-wider\">\n\t\t\t\t\t<div class=\"elementor-column elementor-col-100 elementor-top-column elementor-element elementor-element-1abb337\" data-id=\"1abb337\" data-element_type=\"column\" data-settings=\"{&quot;background_background&quot;:&quot;classic&quot;}\">\n\t\t\t<div class=\"elementor-widget-wrap elementor-element-populated\">\n\t\t\t\t\t\t\t\t<div class=\"elementor-element elementor-element-2bc60718 elementor-widget elementor-widget-text-editor\" data-id=\"2bc60718\" data-element_type=\"widget\" data-widget_type=\"text-editor.default\">\n\t\t\t\t<div class=\"elementor-widget-container\">\n\t\t\t\t\t\t\t<p>Desde <b>2016<\/b>, cada a\u00f1o organizamos nuestro evento donde queremos que los m\u00e1s peque\u00f1os sean protagonistas, as\u00ed que ofrecemos espect\u00e1culos infantiles, talleres de diferente tem\u00e1tica y vendemos productos solidarios, para pasar una rato de ilusi\u00f3n, magia, juegos, manualidades y recuerdos.<\/p><p>La aportaci\u00f3n a la causa puede ser a trav\u00e9s de donaciones el mismo d\u00eda o por transferencia en la cuenta bancaria (<a href=\"https:\/\/diadelgomet.com\/es\/fer-donatiu\/\">+ info<\/a>) o bien comprando productos solidarios online o en la parada del evento. Con la compra de cada producto, una parte o la totalidad del precio es donativo.<br \/>Para m\u00e1s informaci\u00f3n y novedades nos puedes seguir en IG: <a href=\"https:\/\/www.instagram.com\/diadelgomet\/\">@diadelgomet<\/a>.<br \/>Todos los donativos ser\u00e1n destinados a la <b>Fundaci\u00f3n Josep Carreras<\/b>. Queremos contribuir a encontrar la cura para la leucemia, <b>\u00bfnos ayudas?<br \/><\/b>Esperamos que os gusten nuestras novedades y <b>\u00a1gracias por vuestra colaboraci\u00f3n!<\/b><\/p>\t\t\t\t\t\t<\/div>\n\t\t\t\t<\/div>\n\t\t\t\t\t<\/div>\n\t\t<\/div>\n\t\t\t\t\t\t\t<\/div>\n\t\t<\/section>\n\t\t\t\t<section class=\"elementor-section elementor-top-section elementor-element elementor-element-47f58f07 elementor-section-content-middle elementor-section-boxed elementor-section-height-default elementor-section-height-default\" data-id=\"47f58f07\" data-element_type=\"section\">\n\t\t\t\t\t\t<div class=\"elementor-container elementor-column-gap-no\">\n\t\t\t\t\t<div class=\"elementor-column elementor-col-100 elementor-top-column elementor-element elementor-element-3ab1384c\" data-id=\"3ab1384c\" data-element_type=\"column\">\n\t\t\t<div class=\"elementor-widget-wrap elementor-element-populated\">\n\t\t\t\t\t\t\t\t<section class=\"elementor-section elementor-inner-section elementor-element elementor-element-6060a6d8 elementor-section-content-middle elementor-section-boxed elementor-section-height-default elementor-section-height-default\" data-id=\"6060a6d8\" data-element_type=\"section\">\n\t\t\t\t\t\t<div class=\"elementor-container elementor-column-gap-no\">\n\t\t\t\t\t<div class=\"elementor-column elementor-col-100 elementor-inner-column elementor-element elementor-element-4afe54b4\" data-id=\"4afe54b4\" data-element_type=\"column\">\n\t\t\t<div class=\"elementor-widget-wrap elementor-element-populated\">\n\t\t\t\t\t\t\t\t<div class=\"elementor-element elementor-element-4ad3403 elementor-align-center elementor-widget elementor-widget-button\" data-id=\"4ad3403\" data-element_type=\"widget\" data-widget_type=\"button.default\">\n\t\t\t\t<div class=\"elementor-widget-container\">\n\t\t\t\t\t<div class=\"elementor-button-wrapper\">\n\t\t\t<a class=\"elementor-button elementor-button-link elementor-size-sm elementor-animation-grow\" href=\"https:\/\/diadelgomet.com\/es\/colabora\/\">\n\t\t\t\t\t\t<span class=\"elementor-button-content-wrapper\">\n\t\t\t\t\t\t<span class=\"elementor-button-text\">quiero colaborar<\/span>\n\t\t<\/span>\n\t\t\t\t\t<\/a>\n\t\t<\/div>\n\t\t\t\t<\/div>\n\t\t\t\t<\/div>\n\t\t\t\t\t<\/div>\n\t\t<\/div>\n\t\t\t\t\t\t\t<\/div>\n\t\t<\/section>\n\t\t\t\t\t<\/div>\n\t\t<\/div>\n\t\t\t\t\t\t\t<\/div>\n\t\t<\/section>\n\t\t\t\t\t\t\t<\/div>","protected":false},"excerpt":{"rendered":"<p>La nostra ra\u00f3 La nostra ra\u00f3 t\u00e9 nom propi: es diu Siena.\u00c9s la nostra filla gran i va morir de leuc\u00e8mia quan anava a fer 2 anys. Des de llavors, una vegada a l&#8217;any, recordem l&#8217;alegria amb la que vivia, celebrant el \u2018Dia del gomet\u2019. El 3 de desembre (dia de la seva defunci\u00f3) \u00e9s &#8230; <a title=\"Nuestra raz\u00f3n\" class=\"read-more\" href=\"https:\/\/diadelgomet.com\/es\/\" aria-label=\"M\u00e1s en La nostra ra\u00f3\">Leer m\u00e1s<\/a><\/p>","protected":false},"author":1,"featured_media":0,"parent":0,"menu_order":0,"comment_status":"closed","ping_status":"closed","template":"elementor_header_footer","meta":{"footnotes":""},"_links":{"self":[{"href":"https:\/\/diadelgomet.com\/es\/wp-json\/wp\/v2\/pages\/7"}],"collection":[{"href":"https:\/\/diadelgomet.com\/es\/wp-json\/wp\/v2\/pages"}],"about":[{"href":"https:\/\/diadelgomet.com\/es\/wp-json\/wp\/v2\/types\/page"}],"author":[{"embeddable":true,"href":"https:\/\/diadelgomet.com\/es\/wp-json\/wp\/v2\/users\/1"}],"replies":[{"embeddable":true,"href":"https:\/\/diadelgomet.com\/es\/wp-json\/wp\/v2\/comments?post=7"}],"version-history":[{"count":100,"href":"https:\/\/diadelgomet.com\/es\/wp-json\/wp\/v2\/pages\/7\/revisions"}],"predecessor-version":[{"id":1402,"href":"https:\/\/diadelgomet.com\/es\/wp-json\/wp\/v2\/pages\/7\/revisions\/1402"}],"wp:attachment":[{"href":"https:\/\/diadelgomet.com\/es\/wp-json\/wp\/v2\/media?parent=7"}],"curies":[{"name":"wp","href":"https:\/\/api.w.org\/{rel}","templated":true}]}}