{"id":35,"date":"2020-11-12T00:19:09","date_gmt":"2020-11-12T00:19:09","guid":{"rendered":"http:\/\/diadelgomet.com\/carrito"},"modified":"2023-10-27T11:40:24","modified_gmt":"2023-10-27T11:40:24","slug":"carret","status":"publish","type":"page","link":"https:\/\/diadelgomet.com\/es\/carret","title":{"rendered":"Carret"},"content":{"rendered":"<div data-elementor-type=\"wp-page\" data-elementor-id=\"35\" class=\"elementor elementor-35\" data-elementor-post-type=\"page\">\n\t\t\t\t\t\t\t\t\t<section class=\"elementor-section elementor-top-section elementor-element elementor-element-2790c09 elementor-section-boxed elementor-section-height-default elementor-section-height-default\" data-id=\"2790c09\" data-element_type=\"section\" data-settings=\"{&quot;background_background&quot;:&quot;classic&quot;}\">\n\t\t\t\t\t\t\t<div class=\"elementor-background-overlay\"><\/div>\n\t\t\t\t\t\t\t<div class=\"elementor-container elementor-column-gap-default\">\n\t\t\t\t\t<div class=\"elementor-column elementor-col-100 elementor-top-column elementor-element elementor-element-8beab4e\" data-id=\"8beab4e\" data-element_type=\"column\">\n\t\t\t<div class=\"elementor-widget-wrap elementor-element-populated\">\n\t\t\t\t\t\t\t\t<div class=\"elementor-element elementor-element-7e5cf3a elementor-widget elementor-widget-heading\" data-id=\"7e5cf3a\" data-element_type=\"widget\" data-widget_type=\"heading.default\">\n\t\t\t\t<div class=\"elementor-widget-container\">\n\t\t\t<h2 class=\"elementor-heading-title elementor-size-default\">Carret<\/h2>\t\t<\/div>\n\t\t\t\t<\/div>\n\t\t\t\t\t<\/div>\n\t\t<\/div>\n\t\t\t\t\t\t\t<\/div>\n\t\t<\/section>\n\t\t\t\t<section class=\"elementor-section elementor-top-section elementor-element elementor-element-3ae75842 elementor-section-boxed elementor-section-height-default elementor-section-height-default\" data-id=\"3ae75842\" data-element_type=\"section\">\n\t\t\t\t\t\t<div class=\"elementor-container elementor-column-gap-wider\">\n\t\t\t\t\t<div class=\"elementor-column elementor-col-100 elementor-top-column elementor-element elementor-element-2ff18e1f\" data-id=\"2ff18e1f\" data-element_type=\"column\">\n\t\t\t<div class=\"elementor-widget-wrap elementor-element-populated\">\n\t\t\t\t\t\t\t\t\t<\/div>\n\t\t<\/div>\n\t\t\t\t\t\t\t<\/div>\n\t\t<\/section>\n\t\t\t\t\t\t\t<\/div>","protected":false},"excerpt":{"rendered":"<p>Suprimeix l&#039;article Imatge en miniatura Producte Preu Quantitat Subtotal &times; Cuello infinito infantil: melocot\u00f3n con estampado marr\u00f3n Talles: 4-6 a\u00f1os &euro;22,00 quantitat de Cuello infinito infantil: melocot\u00f3n con estampado marr\u00f3n &#8211; 4-6 a\u00f1os &euro;22,00 Update Cart Cart Totals Subtotal &euro;22,00 Enviament Carta certificada: &euro;5,00 Env\u00edo gratuito (correo ordinario, s\u00f3lo peso inferior a 100gr) Envia a &#8230; <a title=\"Carret\" class=\"read-more\" href=\"https:\/\/diadelgomet.com\/es\/carret\" aria-label=\"M\u00e1s en Carret\">Leer m\u00e1s<\/a><\/p>","protected":false},"author":1,"featured_media":0,"parent":0,"menu_order":0,"comment_status":"closed","ping_status":"closed","template":"elementor_header_footer","meta":{"footnotes":""},"_links":{"self":[{"href":"https:\/\/diadelgomet.com\/es\/wp-json\/wp\/v2\/pages\/35"}],"collection":[{"href":"https:\/\/diadelgomet.com\/es\/wp-json\/wp\/v2\/pages"}],"about":[{"href":"https:\/\/diadelgomet.com\/es\/wp-json\/wp\/v2\/types\/page"}],"author":[{"embeddable":true,"href":"https:\/\/diadelgomet.com\/es\/wp-json\/wp\/v2\/users\/1"}],"replies":[{"embeddable":true,"href":"https:\/\/diadelgomet.com\/es\/wp-json\/wp\/v2\/comments?post=35"}],"version-history":[{"count":7,"href":"https:\/\/diadelgomet.com\/es\/wp-json\/wp\/v2\/pages\/35\/revisions"}],"predecessor-version":[{"id":1250,"href":"https:\/\/diadelgomet.com\/es\/wp-json\/wp\/v2\/pages\/35\/revisions\/1250"}],"wp:attachment":[{"href":"https:\/\/diadelgomet.com\/es\/wp-json\/wp\/v2\/media?parent=35"}],"curies":[{"name":"wp","href":"https:\/\/api.w.org\/{rel}","templated":true}]}}