{"id":153,"date":"2020-11-16T15:09:39","date_gmt":"2020-11-16T15:09:39","guid":{"rendered":"http:\/\/diadelgomet.com\/?page_id=153"},"modified":"2023-10-30T09:57:57","modified_gmt":"2023-10-30T09:57:57","slug":"sobre-nosaltres","status":"publish","type":"page","link":"https:\/\/diadelgomet.com\/es\/sobre-nosaltres","title":{"rendered":"Sobre nosotros"},"content":{"rendered":"<div data-elementor-type=\"wp-page\" data-elementor-id=\"153\" class=\"elementor elementor-153\" data-elementor-post-type=\"page\">\n\t\t\t\t\t\t\t\t\t<section class=\"elementor-section elementor-top-section elementor-element elementor-element-6341e20 elementor-section-boxed elementor-section-height-default elementor-section-height-default\" data-id=\"6341e20\" data-element_type=\"section\" data-settings=\"{&quot;background_background&quot;:&quot;classic&quot;}\">\n\t\t\t\t\t\t\t<div class=\"elementor-background-overlay\"><\/div>\n\t\t\t\t\t\t\t<div class=\"elementor-container elementor-column-gap-default\">\n\t\t\t\t\t<div class=\"elementor-column elementor-col-100 elementor-top-column elementor-element elementor-element-70ac55e\" data-id=\"70ac55e\" data-element_type=\"column\">\n\t\t\t<div class=\"elementor-widget-wrap elementor-element-populated\">\n\t\t\t\t\t\t\t\t<div class=\"elementor-element elementor-element-7bcddba elementor-widget elementor-widget-heading\" data-id=\"7bcddba\" data-element_type=\"widget\" data-widget_type=\"heading.default\">\n\t\t\t\t<div class=\"elementor-widget-container\">\n\t\t\t<h2 class=\"elementor-heading-title elementor-size-default\">Sobre nosotros<\/h2>\t\t<\/div>\n\t\t\t\t<\/div>\n\t\t\t\t\t<\/div>\n\t\t<\/div>\n\t\t\t\t\t\t\t<\/div>\n\t\t<\/section>\n\t\t\t\t<section class=\"elementor-section elementor-top-section elementor-element elementor-element-cbfaa6b elementor-section-boxed elementor-section-height-default elementor-section-height-default\" data-id=\"cbfaa6b\" data-element_type=\"section\">\n\t\t\t\t\t\t<div class=\"elementor-container elementor-column-gap-wider\">\n\t\t\t\t\t<div class=\"elementor-column elementor-col-100 elementor-top-column elementor-element elementor-element-412d970\" data-id=\"412d970\" data-element_type=\"column\">\n\t\t\t<div class=\"elementor-widget-wrap elementor-element-populated\">\n\t\t\t\t\t\t\t\t<div class=\"elementor-element elementor-element-19a6b7e elementor-widget elementor-widget-text-editor\" data-id=\"19a6b7e\" data-element_type=\"widget\" data-widget_type=\"text-editor.default\">\n\t\t\t\t<div class=\"elementor-widget-container\">\n\t\t\t\t\t\t\t<p><b>Somos Albert y Eul\u00e0lia (los padres de Siena), Nord y Elna (sus hermanos peque\u00f1os).<\/b><\/p>\t\t\t\t\t\t<\/div>\n\t\t\t\t<\/div>\n\t\t\t\t<div class=\"elementor-element elementor-element-59cc044 elementor-widget elementor-widget-text-editor\" data-id=\"59cc044\" data-element_type=\"widget\" data-widget_type=\"text-editor.default\">\n\t\t\t\t<div class=\"elementor-widget-container\">\n\t\t\t\t\t\t\t<p>En nuestra casa Siena siempre est\u00e1 presente: en fotos, escuchando canciones que le gustaban y explicando cosas que a ella le hac\u00edan gracia o que nos hac\u00edan gracia de ella. As\u00ed, poco a poco, nuestros hijos peque\u00f1os van sabiendo que hubo una hermana mayor que ellos no han conocido, Siena, y con el \u201cD\u00eda del Gomet\u201d a\u00fan lo tienen m\u00e1s claro.<\/p><p>Para ellos es un d\u00eda de fiesta, color, m\u00fasica\u00a0 y alegr\u00eda para recordar a su hermana. Les hace mucha ilusi\u00f3n y \u00a1se lo pasan superbi\u00e9n!<\/p><p>Y nosotros queremos eso: que relacionen a su hermana con cosas bonitas, alegres y que, a su ritmo, entiendan que de las cosas tristes de la vida a veces pueden salir proyectos bonitos y ayudar a otras personas que a\u00fan puedan necesitar el apoyo de todos.<\/p>\t\t\t\t\t\t<\/div>\n\t\t\t\t<\/div>\n\t\t\t\t\t<\/div>\n\t\t<\/div>\n\t\t\t\t\t\t\t<\/div>\n\t\t<\/section>\n\t\t\t\t<section class=\"elementor-section elementor-top-section elementor-element elementor-element-7236ae1 elementor-section-boxed elementor-section-height-default elementor-section-height-default\" data-id=\"7236ae1\" data-element_type=\"section\">\n\t\t\t\t\t\t<div class=\"elementor-container elementor-column-gap-wider\">\n\t\t\t\t\t<div class=\"elementor-column elementor-col-50 elementor-top-column elementor-element elementor-element-3561f1c\" data-id=\"3561f1c\" data-element_type=\"column\">\n\t\t\t<div class=\"elementor-widget-wrap elementor-element-populated\">\n\t\t\t\t\t\t\t\t<div class=\"elementor-element elementor-element-6a1a81e5 elementor-widget elementor-widget-image\" data-id=\"6a1a81e5\" data-element_type=\"widget\" data-widget_type=\"image.default\">\n\t\t\t\t<div class=\"elementor-widget-container\">\n\t\t\t\t\t\t\t\t\t\t\t\t\t\t\t<img decoding=\"async\" loading=\"lazy\" width=\"768\" height=\"1024\" src=\"https:\/\/diadelgomet.com\/wp-content\/uploads\/2020\/11\/quisom.jpg\" class=\"elementor-animation-grow attachment-large size-large wp-image-155\" alt=\"\" srcset=\"https:\/\/diadelgomet.com\/wp-content\/uploads\/2020\/11\/quisom.jpg 768w, https:\/\/diadelgomet.com\/wp-content\/uploads\/2020\/11\/quisom-225x300.jpg 225w, https:\/\/diadelgomet.com\/wp-content\/uploads\/2020\/11\/quisom-600x800.jpg 600w\" sizes=\"(max-width: 768px) 100vw, 768px\" \/>\t\t\t\t\t\t\t\t\t\t\t\t\t\t\t<\/div>\n\t\t\t\t<\/div>\n\t\t\t\t\t<\/div>\n\t\t<\/div>\n\t\t\t\t<div class=\"elementor-column elementor-col-50 elementor-top-column elementor-element elementor-element-8415f50\" data-id=\"8415f50\" data-element_type=\"column\">\n\t\t\t<div class=\"elementor-widget-wrap elementor-element-populated\">\n\t\t\t\t\t\t\t\t<div class=\"elementor-element elementor-element-416ac9f6 elementor-widget elementor-widget-image\" data-id=\"416ac9f6\" data-element_type=\"widget\" data-widget_type=\"image.default\">\n\t\t\t\t<div class=\"elementor-widget-container\">\n\t\t\t\t\t\t\t\t\t\t\t\t\t\t\t<img decoding=\"async\" loading=\"lazy\" width=\"768\" height=\"924\" src=\"https:\/\/diadelgomet.com\/wp-content\/uploads\/2020\/11\/quisom2.jpg\" class=\"elementor-animation-grow attachment-large size-large wp-image-161\" alt=\"\" srcset=\"https:\/\/diadelgomet.com\/wp-content\/uploads\/2020\/11\/quisom2.jpg 768w, https:\/\/diadelgomet.com\/wp-content\/uploads\/2020\/11\/quisom2-249x300.jpg 249w, https:\/\/diadelgomet.com\/wp-content\/uploads\/2020\/11\/quisom2-600x722.jpg 600w\" sizes=\"(max-width: 768px) 100vw, 768px\" \/>\t\t\t\t\t\t\t\t\t\t\t\t\t\t\t<\/div>\n\t\t\t\t<\/div>\n\t\t\t\t\t<\/div>\n\t\t<\/div>\n\t\t\t\t\t\t\t<\/div>\n\t\t<\/section>\n\t\t\t\t\t\t\t<\/div>","protected":false},"excerpt":{"rendered":"<p>Som l&#8217;Albert i l&#8217;Eul\u00e0lia (els pares de la Siena), en Nord i l&#8217;Elna (els seus germans petits). A casa nostra la Siena sempre est\u00e0 present: en fotografies, escoltant can\u00e7ons que li agradaven i explicant coses que a ella li feien gr\u00e0cia o que ens feien gr\u00e0cia d&#8217;ella. Aix\u00ed, poc a poc, els nostres fills petits &#8230; <a title=\"Sobre nosotros\" class=\"read-more\" href=\"https:\/\/diadelgomet.com\/es\/sobre-nosaltres\" aria-label=\"M\u00e1s en Sobre nosaltres\">Leer m\u00e1s<\/a><\/p>","protected":false},"author":1,"featured_media":0,"parent":0,"menu_order":0,"comment_status":"closed","ping_status":"closed","template":"elementor_header_footer","meta":{"footnotes":""},"_links":{"self":[{"href":"https:\/\/diadelgomet.com\/es\/wp-json\/wp\/v2\/pages\/153"}],"collection":[{"href":"https:\/\/diadelgomet.com\/es\/wp-json\/wp\/v2\/pages"}],"about":[{"href":"https:\/\/diadelgomet.com\/es\/wp-json\/wp\/v2\/types\/page"}],"author":[{"embeddable":true,"href":"https:\/\/diadelgomet.com\/es\/wp-json\/wp\/v2\/users\/1"}],"replies":[{"embeddable":true,"href":"https:\/\/diadelgomet.com\/es\/wp-json\/wp\/v2\/comments?post=153"}],"version-history":[{"count":59,"href":"https:\/\/diadelgomet.com\/es\/wp-json\/wp\/v2\/pages\/153\/revisions"}],"predecessor-version":[{"id":1281,"href":"https:\/\/diadelgomet.com\/es\/wp-json\/wp\/v2\/pages\/153\/revisions\/1281"}],"wp:attachment":[{"href":"https:\/\/diadelgomet.com\/es\/wp-json\/wp\/v2\/media?parent=153"}],"curies":[{"name":"wp","href":"https:\/\/api.w.org\/{rel}","templated":true}]}}