{"id":929,"date":"2021-11-18T21:49:00","date_gmt":"2021-11-18T21:49:00","guid":{"rendered":"http:\/\/diadelgomet.com\/?post_type=product&#038;p=929"},"modified":"2023-11-06T21:04:25","modified_gmt":"2023-11-06T21:04:25","slug":"coll-de-boto-blau-lilos-estampat","status":"publish","type":"product","link":"http:\/\/diadelgomet.com\/es\/producto\/coll-de-boto-blau-lilos-estampat","title":{"rendered":"Cuello de bot\u00f3n: azul violeta y estampado"},"content":{"rendered":"<div class=\"woocommerce-tabs wc-tabs-wrapper\">\n<div id=\"tab-description\" class=\"woocommerce-Tabs-panel woocommerce-Tabs-panel--description panel entry-content wc-tab\" role=\"tabpanel\" aria-labelledby=\"tab-title-description\">\n<p><strong>La producci\u00f3n de esta prenda no genera nuevos residuos de manera que cuidamos el planeta de dos maneras a la vez, aprovechando los recursos ya existentes y sin generar contaminaci\u00f3n de ning\u00fan tipo.<\/strong><br \/>\nTodos nuestros productos est\u00e1n tejidos uno a uno, a mano, con un dise\u00f1o propio y mucho mimo, siempre con algod\u00f3n de proximidad. Adem\u00e1s, usamos algod\u00f3n reciclado, org\u00e1nico o de residuo cero porque queremos aportar nuestro granito de arena hacia un mundo sostenible y de econom\u00eda circular, por el bien de todos.<br \/>\nNos importa cuidar nuestro planeta y respetar tu piel, por encima de todo. Nuestros embalajes van de la mano de nuestra filosof\u00eda utilizando cart\u00f3n reciclado a la vez que presentamos nuestros productos de forma atractiva.<br \/>\nRecomendamos lavado en fr\u00edo, puede ir a la lavadora dentro de una bolsa de malla para que no pierda su forma.<\/p>\n<\/div>\n<\/div>","protected":false},"excerpt":{"rendered":"<p>Este cuello azul violeta con estampado tambi\u00e9n azul es una opci\u00f3n que combina f\u00e1cilmente con tu outfit.<\/p>\n<p>Abr\u00f3chalo donde tu quieras, el bot\u00f3n de coco se ajusta al calado de toda la prenda para que lo puedas llevar de mil maneras diferentes, cerr\u00e1ndolo m\u00e1s o menos ajustado seg\u00fan cada momento. Tu escoges cuando llevarlo en los hombros o cuando prefieres que te abrigue m\u00e1s cerr\u00e1ndolo alrededor del cuello.<\/p>\n<p>Por la compra de un cuello de bot\u00f3n se hace un donativo de 15\u20ac a la Fundaci\u00f3n Josep Carreras.<\/p>","protected":false},"featured_media":1049,"template":"","meta":[],"product_cat":[18],"product_tag":[],"_links":{"self":[{"href":"http:\/\/diadelgomet.com\/es\/wp-json\/wp\/v2\/product\/929"}],"collection":[{"href":"http:\/\/diadelgomet.com\/es\/wp-json\/wp\/v2\/product"}],"about":[{"href":"http:\/\/diadelgomet.com\/es\/wp-json\/wp\/v2\/types\/product"}],"wp:featuredmedia":[{"embeddable":true,"href":"http:\/\/diadelgomet.com\/es\/wp-json\/wp\/v2\/media\/1049"}],"wp:attachment":[{"href":"http:\/\/diadelgomet.com\/es\/wp-json\/wp\/v2\/media?parent=929"}],"wp:term":[{"taxonomy":"product_cat","embeddable":true,"href":"http:\/\/diadelgomet.com\/es\/wp-json\/wp\/v2\/product_cat?post=929"},{"taxonomy":"product_tag","embeddable":true,"href":"http:\/\/diadelgomet.com\/es\/wp-json\/wp\/v2\/product_tag?post=929"}],"curies":[{"name":"wp","href":"https:\/\/api.w.org\/{rel}","templated":true}]}}